{"id":626,"date":"2012-02-03T22:09:37","date_gmt":"2012-02-03T21:09:37","guid":{"rendered":"http:\/\/www.feuerwehr-heuchelheim.de\/?page_id=626"},"modified":"2020-08-20T16:55:52","modified_gmt":"2020-08-20T14:55:52","slug":"spielmannszug","status":"publish","type":"page","link":"https:\/\/www.feuerwehr-heuchelheim.de\/?page_id=626","title":{"rendered":"Spielmannszug"},"content":{"rendered":"<p>Wir, der Spielmannszug der Freiwilligen Feuerwehr Heuchelheim, suchen Fl\u00f6tistinnen\/Fl\u00f6tisten!<\/p>\n<p>Ideal w\u00e4ren ehemalige Spielleute, die mit der Querfl\u00f6te schon einmal vertraut waren und vielleicht wieder Lust haben ihre Kenntnisse aufzufrischen.<\/p>\n<p>Wir spielen bei Festen, Feierlichkeiten, Feuerwehrveranstaltungen, in der Faschingszeit und lassen auch das gesellige Leben nicht zu kurz kommen!<\/p>\n<p>Wenn du Lust hast melde dich bei:<\/p>\n<p>Reinhard Rinn\u00a0\u00a0\u00a0 \u00a0 \u00a0\u00a0 \u00a0\u00a0\u00a0 rrinn59[at]googlemail.com<\/p>\n<p>Edmund Hornitschek \u00a0\u00a0 ede-hornitschek[at]web.de<\/p>\n<p>&nbsp;<\/p>\n<p><img loading=\"lazy\" decoding=\"async\" class=\"aligncenter  wp-image-1344\" src=\"http:\/\/wp1152981.server-he.de\/wp-content\/uploads\/2012\/02\/spielmannszug.jpg\" alt=\"spielmannszug\" width=\"662\" height=\"497\" srcset=\"https:\/\/www.feuerwehr-heuchelheim.de\/wp-content\/uploads\/2012\/02\/spielmannszug.jpg 2592w, https:\/\/www.feuerwehr-heuchelheim.de\/wp-content\/uploads\/2012\/02\/spielmannszug-300x225.jpg 300w, https:\/\/www.feuerwehr-heuchelheim.de\/wp-content\/uploads\/2012\/02\/spielmannszug-768x576.jpg 768w, https:\/\/www.feuerwehr-heuchelheim.de\/wp-content\/uploads\/2012\/02\/spielmannszug-1024x768.jpg 1024w\" sizes=\"auto, (max-width: 662px) 100vw, 662px\" \/><\/p>\n<p>&nbsp;<\/p>\n","protected":false},"excerpt":{"rendered":"<p>Wir, der Spielmannszug der Freiwilligen Feuerwehr Heuchelheim, suchen Fl\u00f6tistinnen\/Fl\u00f6tisten! Ideal w\u00e4ren ehemalige Spielleute, die mit der Querfl\u00f6te schon einmal vertraut waren und vielleicht wieder Lust haben ihre Kenntnisse aufzufrischen. Wir spielen bei Festen, Feierlichkeiten, Feuerwehrveranstaltungen, in der Faschingszeit und lassen auch das gesellige Leben nicht zu kurz kommen! Wenn du Lust hast melde dich bei: [&hellip;]<\/p>\n","protected":false},"author":1,"featured_media":0,"parent":1179,"menu_order":4,"comment_status":"closed","ping_status":"closed","template":"","meta":{"footnotes":""},"class_list":["post-626","page","type-page","status-publish","hentry"],"_links":{"self":[{"href":"https:\/\/www.feuerwehr-heuchelheim.de\/index.php?rest_route=\/wp\/v2\/pages\/626","targetHints":{"allow":["GET"]}}],"collection":[{"href":"https:\/\/www.feuerwehr-heuchelheim.de\/index.php?rest_route=\/wp\/v2\/pages"}],"about":[{"href":"https:\/\/www.feuerwehr-heuchelheim.de\/index.php?rest_route=\/wp\/v2\/types\/page"}],"author":[{"embeddable":true,"href":"https:\/\/www.feuerwehr-heuchelheim.de\/index.php?rest_route=\/wp\/v2\/users\/1"}],"replies":[{"embeddable":true,"href":"https:\/\/www.feuerwehr-heuchelheim.de\/index.php?rest_route=%2Fwp%2Fv2%2Fcomments&post=626"}],"version-history":[{"count":2,"href":"https:\/\/www.feuerwehr-heuchelheim.de\/index.php?rest_route=\/wp\/v2\/pages\/626\/revisions"}],"predecessor-version":[{"id":1345,"href":"https:\/\/www.feuerwehr-heuchelheim.de\/index.php?rest_route=\/wp\/v2\/pages\/626\/revisions\/1345"}],"up":[{"embeddable":true,"href":"https:\/\/www.feuerwehr-heuchelheim.de\/index.php?rest_route=\/wp\/v2\/pages\/1179"}],"wp:attachment":[{"href":"https:\/\/www.feuerwehr-heuchelheim.de\/index.php?rest_route=%2Fwp%2Fv2%2Fmedia&parent=626"}],"curies":[{"name":"wp","href":"https:\/\/api.w.org\/{rel}","templated":true}]}}