{"id":40,"date":"2009-06-14T19:53:51","date_gmt":"2009-06-14T17:53:51","guid":{"rendered":"http:\/\/www.feuerwehr-heuchelheim.de\/?page_id=40"},"modified":"2020-08-20T16:52:50","modified_gmt":"2020-08-20T14:52:50","slug":"impressum","status":"publish","type":"page","link":"https:\/\/www.feuerwehr-heuchelheim.de\/?page_id=40","title":{"rendered":"Impressum"},"content":{"rendered":"<p><strong>Betreiber dieser Internetseiten<\/strong><\/p>\n<p>Freiwillige Feuerwehr Heuchelheim e.V.<br \/>\nKreuzgasse 1-5<br \/>\n35452 Heuchelheim<br \/>\n<strong>Ansprechpartner<\/strong><\/p>\n<p>Vorsitzender: Eckhard Rinn Tel. 0160 &#8211; 8485330<\/p>\n<p>Gemeindebrandinspektor: Roland Kraus Tel. 0170 &#8211; 9149878<\/p>\n<p><strong>Online-Redaktion<\/strong><\/p>\n<p>Torben Eckwert<\/p>\n<p><strong>Beitr\u00e4ge und Fotos<br \/>\n<\/strong><\/p>\n<p>Alle Beitr\u00e4ge und Fotos sind urheberrechtlich gesch\u00fctzt, die Rechte liegen bei den jeweiligen (angegebenen) AutorInnen.<\/p>\n<p><strong>Links <\/strong><\/p>\n<p>Verantwortung f\u00fcr Links und die darauf enthaltenen Inhalte k\u00f6nnen nicht \u00fcbernommen werden.<\/p>\n<p><strong>Datenschutzerkl\u00e4rung<\/strong><\/p>\n<p><strong>Geltungsbereich<\/strong><\/p>\n<p>Diese Datenschutzerkl\u00e4rung kl\u00e4rt Nutzer \u00fcber die Art, den Umfang und Zwecke der Erhebung und Verwendung personenbezogener Daten durch den verantwortlichen Anbieter Verein Freiwillige Feuerwehr Heuchehlheim e.V. auf dieser Website (im folgenden \u201cAngebot\u201d) auf.<\/p>\n<p>Die rechtlichen Grundlagen des Datenschutzes finden sich im Bundesdatenschutzgesetz (BDSG) und dem Telemediengesetz (TMG).<br \/>\n<strong>Zugriffsdaten\/ Server-Logfiles<\/strong><\/p>\n<p><span class=\"sd-muster-content\">Der Anbieter (beziehungsweise sein Webspace-Provider) erhebt Daten \u00fcber jeden Zugriff auf das Angebot (so genannte Serverlogfiles). Zu den Zugriffsdaten geh\u00f6ren:<\/span><\/p>\n<p>Name der abgerufenen Webseite, Datei, Datum und Uhrzeit des Abrufs, \u00fcbertragene Datenmenge, Meldung \u00fcber erfolgreichen Abruf, Browsertyp nebst Version, das Betriebssystem des Nutzers, Referrer URL (die zuvor besuchte Seite), IP-Adresse und der anfragende Provider.<\/p>\n<p>Der Anbieter verwendet die Protokolldaten nur f\u00fcr statistische Auswertungen zum Zweck des Betriebs, der Sicherheit und der Optimierung des Angebotes. Der Anbieterbeh\u00e4lt sich jedoch vor, die Protokolldaten nachtr\u00e4glich zu \u00fcberpr\u00fcfen, wenn aufgrund konkreter Anhaltspunkte der berechtigte Verdacht einer rechtswidrigen Nutzung besteht.<\/p>\n<p><strong>Umgang mit personenbezogenen Daten<\/strong><\/p>\n<p><span class=\"sd-muster-content\">Personenbezogene Daten sind Informationen, mit deren Hilfe eine Person bestimmbar ist, also Angaben, die zur\u00fcck zu einer Person verfolgt werden k\u00f6nnen. Dazu geh\u00f6ren der Name, die Emailadresse oder die Telefonnummer. Aber auch Daten \u00fcber Vorlieben, Hobbies, Mitgliedschaften oder welche Webseiten von jemandem angesehen wurden z\u00e4hlen zu personenbezogenen Daten.<\/span><\/p>\n<p>Personenbezogene Daten werden von dem Anbieter nur dann erhoben, genutzt und weiter gegeben, wenn dies gesetzlich erlaubt ist oder die Nutzer in die Datenerhebung einwilligen.<\/p>\n<p><strong>Kontaktaufnahme<\/strong><\/p>\n<p><span class=\"sd-muster-content\">Bei der Kontaktaufnahme mit dem Anbieter (zum Beispiel per Kontaktformular oder E-Mail) werden die Angaben des Nutzers zwecks Bearbeitung der Anfrage sowie f\u00fcr den Fall, dass Anschlussfragen entstehen, gespeichert.<\/span><\/p>\n<p><strong>Kommentare und Beitr\u00e4ge<\/strong><\/p>\n<p><span class=\"sd-muster-content\">Wenn Nutzer Kommentare im Blog oder sonstige Beitr\u00e4ge hinterlassen, werden ihre IP-Adressen gespeichert. Das erfolgt zur Sicherheit des Anbieters, falls jemand in Kommentaren und Beitr\u00e4gen widerrechtliche Inhalte schreibt (Beleidigungen, verbotene politische Propaganda, etc.). In diesem Fall kann der Anbieter selbst f\u00fcr den Kommentar oder Beitrag belangt werden und ist daher an der Identit\u00e4t des Verfassers interessiert.<\/span><\/p>\n<p><strong>Jetpack\/Wordpress.com-Stats<\/strong><\/p>\n<p><span class=\"sd-muster-content\">Dieses Angebot nutzt <a href=\"http:\/\/wordpress.org\/extend\/plugins\/jetpack\/\">Jetpack<\/a>, ein Tool zur statistischen Auswertung der Besucherzugriffe, betrieben von <a href=\"http:\/\/automattic.com\">Automattic<\/a>, Inc. 132 Hawthorne Street San Francisco, CA 94107, USA, unter Einsatz der Trackingtechnologie von <a href=\"http:\/\/www.quantcast.com\">Quantcast<\/a> Inc., 201 3rd St, Floor 2, San Francisco, CA 94103-3153, USA. WordPress.com-Stats verwendet sog. &#8222;Cookies&#8220;, Textdateien, die auf Ihrem Computer gespeichert werden und die eine Analyse der Benutzung der Website durch Sie erm\u00f6glichen. Die durch den Cookie erzeugten Informationen \u00fcber Ihre Benutzung dieses Internetangebotes werden auf einem Server in den USA gespeichert. Die IP-Adresse wird sofort nach der Verarbeitung und vor deren Speicherung anonymisiert. Sie k\u00f6nnen die Installation der Cookies durch eine entsprechende Einstellung Ihrer Browser Software verhindern; wir weisen Sie jedoch darauf hin, dass Sie in diesem Fall gegebenenfalls nicht s\u00e4mtliche Funktionen dieser Website vollumf\u00e4nglich nutzen k\u00f6nnen. Sie k\u00f6nnen der Erhebung und Nutzung der Daten durch Quantcast mit Wirkung f\u00fcr die Zukunft widersprechen, indem Sie an dieser Stelle durch einen Klick auf den Link &#8222;Click here to opt-out&#8220; ein Opt-Out-Cookie in Ihrem Browser setzen: <a href=\"http:\/\/www.quantcast.com\/opt-out\">http:\/\/www.quantcast.com\/opt-out<\/a>. Sollten Sie alle Cookies auf Ihrem Rechner l\u00f6schen, m\u00fcssen Sie das Opt-Out-Cookie erneut setzen.<\/span><\/p>\n<p><strong>Widerruf, \u00c4nderungen, Berichtigungen und Aktualisierungen<\/strong><\/p>\n<p>Der Nutzer hat das Recht, auf Antrag unentgeltlich Auskunft zu erhalten \u00fcber die personenbezogenen Daten, die \u00fcber ihn gespeichert wurden. Zus\u00e4tzlich hat der Nutzer das Recht auf Berichtigung unrichtiger Daten, Sperrung und L\u00f6schung seiner personenbezogenen Daten, soweit dem keine gesetzliche Aufbewahrungspflicht entgegensteht.<\/p>\n<p>&nbsp;<\/p>\n","protected":false},"excerpt":{"rendered":"<p>Betreiber dieser Internetseiten Freiwillige Feuerwehr Heuchelheim e.V. Kreuzgasse 1-5 35452 Heuchelheim Ansprechpartner Vorsitzender: Eckhard Rinn Tel. 0160 &#8211; 8485330 Gemeindebrandinspektor: Roland Kraus Tel. 0170 &#8211; 9149878 Online-Redaktion Torben Eckwert Beitr\u00e4ge und Fotos Alle Beitr\u00e4ge und Fotos sind urheberrechtlich gesch\u00fctzt, die Rechte liegen bei den jeweiligen (angegebenen) AutorInnen. Links Verantwortung f\u00fcr Links und die darauf enthaltenen [&hellip;]<\/p>\n","protected":false},"author":1,"featured_media":0,"parent":0,"menu_order":6,"comment_status":"closed","ping_status":"closed","template":"","meta":{"footnotes":""},"class_list":["post-40","page","type-page","status-publish","hentry"],"_links":{"self":[{"href":"https:\/\/www.feuerwehr-heuchelheim.de\/index.php?rest_route=\/wp\/v2\/pages\/40","targetHints":{"allow":["GET"]}}],"collection":[{"href":"https:\/\/www.feuerwehr-heuchelheim.de\/index.php?rest_route=\/wp\/v2\/pages"}],"about":[{"href":"https:\/\/www.feuerwehr-heuchelheim.de\/index.php?rest_route=\/wp\/v2\/types\/page"}],"author":[{"embeddable":true,"href":"https:\/\/www.feuerwehr-heuchelheim.de\/index.php?rest_route=\/wp\/v2\/users\/1"}],"replies":[{"embeddable":true,"href":"https:\/\/www.feuerwehr-heuchelheim.de\/index.php?rest_route=%2Fwp%2Fv2%2Fcomments&post=40"}],"version-history":[{"count":6,"href":"https:\/\/www.feuerwehr-heuchelheim.de\/index.php?rest_route=\/wp\/v2\/pages\/40\/revisions"}],"predecessor-version":[{"id":1722,"href":"https:\/\/www.feuerwehr-heuchelheim.de\/index.php?rest_route=\/wp\/v2\/pages\/40\/revisions\/1722"}],"wp:attachment":[{"href":"https:\/\/www.feuerwehr-heuchelheim.de\/index.php?rest_route=%2Fwp%2Fv2%2Fmedia&parent=40"}],"curies":[{"name":"wp","href":"https:\/\/api.w.org\/{rel}","templated":true}]}}